{"id":12647,"date":"2017-03-20T01:57:25","date_gmt":"2017-03-20T05:57:25","guid":{"rendered":"http:\/\/aeclothing.projektyibif.pl\/sobre-nosotros\/"},"modified":"2024-06-12T03:23:05","modified_gmt":"2024-06-12T07:23:05","slug":"quienes-somos","status":"publish","type":"page","link":"https:\/\/aeclothing.net\/es\/quienes-somos\/","title":{"rendered":"Quienes somos"},"content":{"rendered":"<div class=\"wpb-content-wrapper\"><p>[vc_row el_class=&#8221;heading-title&#8221; css=&#8221;.vc_custom_1508705552996{margin-top: 15px !important;margin-bottom: 35px !important;padding-top: 0px !important;}&#8221;][vc_column el_class=&#8221;feature-v1&#8243;][vc_column_text css=&#8221;.vc_custom_1709641024833{margin-bottom: 0px !important;}&#8221;]<\/p>\n<h3>Distribuidor de ropa usada &#8211; A&amp;E Clothing Corporation<\/h3>\n<p>[\/vc_column_text][\/vc_column][\/vc_row][vc_row css=&#8221;.vc_custom_1503247180446{margin-top: 15px !important;margin-bottom: 15px !important;}&#8221; el_class=&#8221;about-us&#8221;][vc_column width=&#8221;1\/2&#8243; el_class=&#8221;our-story&#8221;][vc_column_text css=&#8221;.vc_custom_1709641058029{margin-bottom: 0px !important;}&#8221;]A&amp;E Clothing es un distribuidor de ropa usada estadounidense que recoge ropa no deseada y otros art\u00edculos y los revende al por mayor en los Estados Unidos y en otros pa\u00edses en desarrollo. Al proporcionar tales servicios a organizaciones sin fines de lucro y con fines de lucro, creamos empleos para personas en los Estados Unidos y en el extranjero, ayudando a las comunidades locales y econom\u00edas en pa\u00edses emergentes, as\u00ed como ayudando a nuestro pa\u00eds a convertirse en un lugar m\u00e1s verde y limpio.[\/vc_column_text][vc_column_text]Fuimos conocidos por primera vez como American Used Clothing Corporation, que se estableci\u00f3 en 1996. En 2006, A&amp;E Clothing Corporation surgi\u00f3 de American Used Clothing Corporation. Con el tiempo, nos hemos convertido en un <strong>distribuidor de ropa<\/strong> usada de tama\u00f1o mediano que trabaja arduamente para satisfacer a los proveedores y clientes. Gracias al volumen extenso de ropa que procesamos, podemos ofrecerte ropa usada de alta <a href=\"https:\/\/aeclothing.net\/es\/productos\/\">calidad premium<\/a>[\/vc_column_text][\/vc_column][vc_column width=&#8221;1\/2&#8243;]\t\t<div class=\"ftc-smooth-image smooth-image ftc-smooth\">\n\t\t\t\t\t\t\t\t \n\t\t\t\t\t\t\t<\/div>\n\t\t\t[\/vc_column][\/vc_row][vc_row el_class=&#8221;about-us&#8221; css=&#8221;.vc_custom_1501058386761{margin-bottom: 0px !important;}&#8221;][vc_column offset=&#8221;vc_col-md-6&#8243;]\t\t<div class=\"ftc-smooth-image smooth-image ftc-smooth\">\n\t\t\t\t\t\t\t\t \n\t\t\t\t\t\t\t<\/div>\n\t\t\t[\/vc_column][vc_column offset=&#8221;vc_col-md-6&#8243; el_class=&#8221;our-story&#8221;][vc_column_text]Nuestra misi\u00f3n consiste en proporcionar una buena calidad de ropa nueva o usada a los pa\u00edses en desarrollo. Nos gustar\u00eda brindarte el mejor servicio al cliente, y para lograrlo, podemos comprometernos y programar env\u00edos y recogidas de manera oportuna.[\/vc_column_text][vc_column_text]A&amp;E Clothing env\u00eda ropa usada a nivel mundial utilizando contenedores de 20 y 40 ft. para pedidos al por mayor, al mismo tiempo que tambi\u00e9n acomodamos pedidos m\u00e1s peque\u00f1os. La informaci\u00f3n sobre costos de env\u00edo, tarifas y tiempos de entrega est\u00e1 disponible en nuestra p\u00e1gina <a href=\"https:\/\/aeclothing.net\/es\/como-ordenar\/\">&#8220;C\u00f3mo ordenar&#8221;<\/a>. Tanto para nuevos clientes como para socios de largo plazo, el primer paso que recomendamos es descargar nuestro cat\u00e1logo, completo con detalles del producto y fotos. Los pedidos pueden realizarse mediante visitas presenciales, correo electr\u00f3nico o tel\u00e9fono, y los pedidos m\u00e1s peque\u00f1os no dependen de contenedores.[\/vc_column_text][\/vc_column][\/vc_row][vc_row full_width=&#8221;stretch_row&#8221; css=&#8221;.vc_custom_1710918475192{padding-right: 0px !important;padding-left: 0px !important;}&#8221; el_class=&#8221;full-image&#8221;][vc_column width=&#8221;1\/2&#8243; css=&#8221;.vc_custom_1717760165582{padding-left: 0px !important;}&#8221; el_id=&#8221;productcataloges&#8221; el_class=&#8221;productcataloges&#8221;]\t\t<div class=\"ftc-smooth-image smooth-image ftc-smooth\">\n\t\t\t\t\t\t\t<a title=\"\" target=\"_blank\" href=\"\/es\/catalogo-de-productos\/\" >\n\t\t\t\t\t<img fetchpriority=\"high\" decoding=\"async\" width=\"945\" height=\"500\" src=\"https:\/\/aeclothing.net\/wp-content\/uploads\/2024\/03\/productCatalog-AE.png\" class=\"img\" alt=\"\" srcset=\"https:\/\/aeclothing.net\/wp-content\/uploads\/2024\/03\/productCatalog-AE.png 945w, https:\/\/aeclothing.net\/wp-content\/uploads\/2024\/03\/productCatalog-AE-300x159.png 300w, https:\/\/aeclothing.net\/wp-content\/uploads\/2024\/03\/productCatalog-AE-768x406.png 768w, https:\/\/aeclothing.net\/wp-content\/uploads\/2024\/03\/productCatalog-AE-600x317.png 600w\" sizes=\"(max-width: 945px) 100vw, 945px\" \/> \n\t\t\t\t<\/a>\n\t\t\t\t\t\t\t<\/div>\n\t\t\t[vc_column_text css=&#8221;.vc_custom_1716378631008{margin-top: 0px !important;}&#8221;]<\/p>\n<div class=\"st-content-images\">\n<h2><a href=\"https:\/\/aeclothing.net\/es\/catalogo-de-productos\/\">CAT\u00c1LOGO DE<br \/>\nPRODUCTOS<\/a><\/h2>\n<h5><a href=\"https:\/\/aeclothing.net\/es\/catalogo-de-productos\/\">REG\u00cdSTRESE PARA RECIBIR<br \/>\nCAT\u00c1LOGO GRATIS<\/a><\/h5>\n<p>&nbsp;<\/p><\/div>\n<p>[\/vc_column_text][\/vc_column][vc_column width=&#8221;1\/2&#8243; css=&#8221;.vc_custom_1717760177424{padding-right: 0px !important;}&#8221; el_id=&#8221;productaves&#8221; el_class=&#8221;productaves&#8221;]\t\t<div class=\"ftc-smooth-image smooth-image ftc-smooth\">\n\t\t\t\t\t\t\t<a title=\"\" target=\"_blank\" href=\"\/es\/disponibilidad-de-productos\/\" >\n\t\t\t\t\t<img decoding=\"async\" width=\"945\" height=\"500\" src=\"https:\/\/aeclothing.net\/wp-content\/uploads\/2024\/03\/productAvailability-AE.png\" class=\"img\" alt=\"\" srcset=\"https:\/\/aeclothing.net\/wp-content\/uploads\/2024\/03\/productAvailability-AE.png 945w, https:\/\/aeclothing.net\/wp-content\/uploads\/2024\/03\/productAvailability-AE-300x159.png 300w, https:\/\/aeclothing.net\/wp-content\/uploads\/2024\/03\/productAvailability-AE-768x406.png 768w, https:\/\/aeclothing.net\/wp-content\/uploads\/2024\/03\/productAvailability-AE-600x317.png 600w\" sizes=\"(max-width: 945px) 100vw, 945px\" \/> \n\t\t\t\t<\/a>\n\t\t\t\t\t\t\t<\/div>\n\t\t\t[vc_column_text css=&#8221;.vc_custom_1717760263035{margin-top: 0px !important;}&#8221;]<\/p>\n<div class=\"st-content-images\">\n<h2><a href=\"https:\/\/aeclothing.net\/es\/disponibilidad-de-productos\/\">DISPONIBILIDAD DE<br \/>\nPRODUCTOS<\/a><\/h2>\n<h5 class=\"get_full\"><a href=\"https:\/\/aeclothing.net\/es\/disponibilidad-de-productos\/\">OBTENGA ART\u00cdCULOS DISPONIBLES<br \/>\n&amp; LISTA DE PRECIOS<\/a><\/h5>\n<\/div>\n<p>[\/vc_column_text][\/vc_column][\/vc_row]<\/p>\n<\/div>","protected":false},"excerpt":{"rendered":"<p>[vc_row el_class=&#8221;heading-title&#8221; css=&#8221;.vc_custom_1508705552996{margin-top: 15px !important;margin-bottom: 35px !important;padding-top: 0px !important;}&#8221;][vc_column el_class=&#8221;feature-v1&#8243;][vc_column_text css=&#8221;.vc_custom_1709641024833{margin-bottom: 0px !important;}&#8221;] Distribuidor de ropa usada &#8211; A&amp;E Clothing Corporation [\/vc_column_text][\/vc_column][\/vc_row][vc_row css=&#8221;.vc_custom_1503247180446{margin-top: 15px !important;margin-bottom: 15px !important;}&#8221; el_class=&#8221;about-us&#8221;][vc_column width=&#8221;1\/2&#8243; el_class=&#8221;our-story&#8221;][vc_column_text css=&#8221;.vc_custom_1709641058029{margin-bottom: 0px !important;}&#8221;]A&amp;E Clothing es un distribuidor de ropa usada estadounidense que recoge ropa no deseada y otros art\u00edculos y los revende al por mayor [&hellip;]<\/p>\n","protected":false},"author":1,"featured_media":0,"parent":0,"menu_order":0,"comment_status":"closed","ping_status":"closed","template":"","meta":{"footnotes":""},"class_list":["post-12647","page","type-page","status-publish","hentry"],"acf":[],"yoast_head":"<!-- This site is optimized with the Yoast SEO plugin v22.4 - https:\/\/yoast.com\/wordpress\/plugins\/seo\/ -->\n<title>Quienes somos - A&amp;E Used Clothing<\/title>\n<meta name=\"robots\" content=\"index, follow, max-snippet:-1, max-image-preview:large, max-video-preview:-1\" \/>\n<link rel=\"canonical\" href=\"https:\/\/aeclothing.net\/es\/quienes-somos\/\" \/>\n<meta property=\"og:locale\" content=\"es_ES\" \/>\n<meta property=\"og:type\" content=\"article\" \/>\n<meta property=\"og:title\" content=\"Quienes somos - A&amp;E Used Clothing\" \/>\n<meta property=\"og:description\" content=\"[vc_row el_class=&#8221;heading-title&#8221; css=&#8221;.vc_custom_1508705552996{margin-top: 15px !important;margin-bottom: 35px !important;padding-top: 0px !important;}&#8221;][vc_column el_class=&#8221;feature-v1&#8243;][vc_column_text css=&#8221;.vc_custom_1709641024833{margin-bottom: 0px !important;}&#8221;] Distribuidor de ropa usada &#8211; A&amp;E Clothing Corporation [\/vc_column_text][\/vc_column][\/vc_row][vc_row css=&#8221;.vc_custom_1503247180446{margin-top: 15px !important;margin-bottom: 15px !important;}&#8221; el_class=&#8221;about-us&#8221;][vc_column width=&#8221;1\/2&#8243; el_class=&#8221;our-story&#8221;][vc_column_text css=&#8221;.vc_custom_1709641058029{margin-bottom: 0px !important;}&#8221;]A&amp;E Clothing es un distribuidor de ropa usada estadounidense que recoge ropa no deseada y otros art\u00edculos y los revende al por mayor [&hellip;]\" \/>\n<meta property=\"og:url\" content=\"https:\/\/aeclothing.net\/es\/quienes-somos\/\" \/>\n<meta property=\"og:site_name\" content=\"A&amp;E Used Clothing\" \/>\n<meta property=\"article:modified_time\" content=\"2024-06-12T07:23:05+00:00\" \/>\n<meta name=\"twitter:card\" content=\"summary_large_image\" \/>\n<meta name=\"twitter:label1\" content=\"Tiempo de lectura\" \/>\n\t<meta name=\"twitter:data1\" content=\"2 minutos\" \/>\n<script type=\"application\/ld+json\" class=\"yoast-schema-graph\">{\"@context\":\"https:\/\/schema.org\",\"@graph\":[{\"@type\":\"WebPage\",\"@id\":\"https:\/\/aeclothing.net\/es\/quienes-somos\/\",\"url\":\"https:\/\/aeclothing.net\/es\/quienes-somos\/\",\"name\":\"Quienes somos - A&amp;E Used Clothing\",\"isPartOf\":{\"@id\":\"https:\/\/aeclothing.net\/es\/#website\"},\"datePublished\":\"2017-03-20T05:57:25+00:00\",\"dateModified\":\"2024-06-12T07:23:05+00:00\",\"breadcrumb\":{\"@id\":\"https:\/\/aeclothing.net\/es\/quienes-somos\/#breadcrumb\"},\"inLanguage\":\"es\",\"potentialAction\":[{\"@type\":\"ReadAction\",\"target\":[\"https:\/\/aeclothing.net\/es\/quienes-somos\/\"]}]},{\"@type\":\"BreadcrumbList\",\"@id\":\"https:\/\/aeclothing.net\/es\/quienes-somos\/#breadcrumb\",\"itemListElement\":[{\"@type\":\"ListItem\",\"position\":1,\"name\":\"Strona g\u0142\u00f3wna\",\"item\":\"https:\/\/aeclothing.net\/es\/\"},{\"@type\":\"ListItem\",\"position\":2,\"name\":\"Quienes somos\"}]},{\"@type\":\"WebSite\",\"@id\":\"https:\/\/aeclothing.net\/es\/#website\",\"url\":\"https:\/\/aeclothing.net\/es\/\",\"name\":\"A&E Used Clothing\",\"description\":\"A&amp;E Clothing\u00a0is a for-profit company that collects American second hand clothing and other items and resells them in the U.S. and to other developing countries.\",\"potentialAction\":[{\"@type\":\"SearchAction\",\"target\":{\"@type\":\"EntryPoint\",\"urlTemplate\":\"https:\/\/aeclothing.net\/es\/?s={search_term_string}\"},\"query-input\":\"required name=search_term_string\"}],\"inLanguage\":\"es\"}]}<\/script>\n<!-- \/ Yoast SEO plugin. -->","yoast_head_json":{"title":"Quienes somos - A&amp;E Used Clothing","robots":{"index":"index","follow":"follow","max-snippet":"max-snippet:-1","max-image-preview":"max-image-preview:large","max-video-preview":"max-video-preview:-1"},"canonical":"https:\/\/aeclothing.net\/es\/quienes-somos\/","og_locale":"es_ES","og_type":"article","og_title":"Quienes somos - A&amp;E Used Clothing","og_description":"[vc_row el_class=&#8221;heading-title&#8221; css=&#8221;.vc_custom_1508705552996{margin-top: 15px !important;margin-bottom: 35px !important;padding-top: 0px !important;}&#8221;][vc_column el_class=&#8221;feature-v1&#8243;][vc_column_text css=&#8221;.vc_custom_1709641024833{margin-bottom: 0px !important;}&#8221;] Distribuidor de ropa usada &#8211; A&amp;E Clothing Corporation [\/vc_column_text][\/vc_column][\/vc_row][vc_row css=&#8221;.vc_custom_1503247180446{margin-top: 15px !important;margin-bottom: 15px !important;}&#8221; el_class=&#8221;about-us&#8221;][vc_column width=&#8221;1\/2&#8243; el_class=&#8221;our-story&#8221;][vc_column_text css=&#8221;.vc_custom_1709641058029{margin-bottom: 0px !important;}&#8221;]A&amp;E Clothing es un distribuidor de ropa usada estadounidense que recoge ropa no deseada y otros art\u00edculos y los revende al por mayor [&hellip;]","og_url":"https:\/\/aeclothing.net\/es\/quienes-somos\/","og_site_name":"A&amp;E Used Clothing","article_modified_time":"2024-06-12T07:23:05+00:00","twitter_card":"summary_large_image","twitter_misc":{"Tiempo de lectura":"2 minutos"},"schema":{"@context":"https:\/\/schema.org","@graph":[{"@type":"WebPage","@id":"https:\/\/aeclothing.net\/es\/quienes-somos\/","url":"https:\/\/aeclothing.net\/es\/quienes-somos\/","name":"Quienes somos - A&amp;E Used Clothing","isPartOf":{"@id":"https:\/\/aeclothing.net\/es\/#website"},"datePublished":"2017-03-20T05:57:25+00:00","dateModified":"2024-06-12T07:23:05+00:00","breadcrumb":{"@id":"https:\/\/aeclothing.net\/es\/quienes-somos\/#breadcrumb"},"inLanguage":"es","potentialAction":[{"@type":"ReadAction","target":["https:\/\/aeclothing.net\/es\/quienes-somos\/"]}]},{"@type":"BreadcrumbList","@id":"https:\/\/aeclothing.net\/es\/quienes-somos\/#breadcrumb","itemListElement":[{"@type":"ListItem","position":1,"name":"Strona g\u0142\u00f3wna","item":"https:\/\/aeclothing.net\/es\/"},{"@type":"ListItem","position":2,"name":"Quienes somos"}]},{"@type":"WebSite","@id":"https:\/\/aeclothing.net\/es\/#website","url":"https:\/\/aeclothing.net\/es\/","name":"A&E Used Clothing","description":"A&amp;E Clothing\u00a0is a for-profit company that collects American second hand clothing and other items and resells them in the U.S. and to other developing countries.","potentialAction":[{"@type":"SearchAction","target":{"@type":"EntryPoint","urlTemplate":"https:\/\/aeclothing.net\/es\/?s={search_term_string}"},"query-input":"required name=search_term_string"}],"inLanguage":"es"}]}},"_links":{"self":[{"href":"https:\/\/aeclothing.net\/es\/wp-json\/wp\/v2\/pages\/12647","targetHints":{"allow":["GET"]}}],"collection":[{"href":"https:\/\/aeclothing.net\/es\/wp-json\/wp\/v2\/pages"}],"about":[{"href":"https:\/\/aeclothing.net\/es\/wp-json\/wp\/v2\/types\/page"}],"author":[{"embeddable":true,"href":"https:\/\/aeclothing.net\/es\/wp-json\/wp\/v2\/users\/1"}],"replies":[{"embeddable":true,"href":"https:\/\/aeclothing.net\/es\/wp-json\/wp\/v2\/comments?post=12647"}],"version-history":[{"count":10,"href":"https:\/\/aeclothing.net\/es\/wp-json\/wp\/v2\/pages\/12647\/revisions"}],"predecessor-version":[{"id":12996,"href":"https:\/\/aeclothing.net\/es\/wp-json\/wp\/v2\/pages\/12647\/revisions\/12996"}],"wp:attachment":[{"href":"https:\/\/aeclothing.net\/es\/wp-json\/wp\/v2\/media?parent=12647"}],"curies":[{"name":"wp","href":"https:\/\/api.w.org\/{rel}","templated":true}]}}