{"id":12670,"date":"2019-01-14T09:24:55","date_gmt":"2019-01-14T14:24:55","guid":{"rendered":"http:\/\/aeclothing.projektyibif.pl\/preguntas-frecuentes-2\/"},"modified":"2024-06-12T03:33:27","modified_gmt":"2024-06-12T07:33:27","slug":"preguntas-frecuentes","status":"publish","type":"page","link":"https:\/\/aeclothing.net\/es\/preguntas-frecuentes\/","title":{"rendered":"Preguntas frecuentes"},"content":{"rendered":"<div class=\"wpb-content-wrapper\"><p>[vc_section el_class=&#8221;faq-v2&#8243;][vc_row][vc_column][vc_column_text]<\/p>\n<h1 style=\"text-align: center;\">Preguntas Frecuentes sobre Al por Mayor de Ropa de Segunda Mano<\/h1>\n<p>[\/vc_column_text][\/vc_column][\/vc_row][vc_row el_class=&#8221;faq&#8221;][vc_column][vc_toggle title=&#8221;\u00bfCu\u00e1l es la calidad de la ropa que venden?&#8221; css=&#8221;.vc_custom_1716366087838{margin-bottom: 0px !important;}&#8221;]<span style=\"color: #1c2b33;\"><span style=\"font-family: var(--font-family-segoe), serif;\"><span style=\"font-size: medium;\"><span lang=\"en-US\">Nos esforzamos por ofrecer la mejor calidad de ropa en el mercado de segunda mano al por mayor. Ofrecemos una categor\u00eda Premium de ropa que es nueva o como nueva. No tienen manchas, agujeros ni da\u00f1os. Adem\u00e1s, proporcionamos ropa de Grado 1 con signos m\u00ednimos de desgaste o lavado.<\/span><\/span><\/span><\/span><\/p>\n<p><span style=\"color: #1c2b33;\"><span style=\"font-family: var(--font-family-segoe), serif;\"><span style=\"font-size: medium;\"><span lang=\"en-US\">Tambi\u00e9n vendemos la categor\u00eda de Ropa Mixta, donde la ropa puede mostrar defectos visibles significativos o desvanecimiento. Esta colecci\u00f3n a veces se refiere como ropa institucional.<\/span><\/span><\/span><\/span>[\/vc_toggle][\/vc_column][\/vc_row][vc_row el_class=&#8221;faq&#8221;][vc_column][vc_toggle title=&#8221;\u00bfQu\u00e9 tipo de cosas venden?&#8221; css=&#8221;.vc_custom_1716366098637{margin-bottom: 0px !important;}&#8221;]<span style=\"color: #1c2b33;\"><span style=\"font-family: var(--font-family-segoe), serif;\"><span style=\"font-size: medium;\"><span lang=\"en-US\">Vendemos ropa usada, zapatos, accesorios varios y art\u00edculos para el hogar\/ objetos de decoraci\u00f3n. Vendemos ropa institucional y una categor\u00eda clasificada que se empaqueta en balas.<\/span><\/span><\/span><\/span>[\/vc_toggle][\/vc_column][\/vc_row][vc_row el_class=&#8221;faq&#8221;][vc_column][vc_toggle title=&#8221;\u00bfVenden al por mayor?&#8221; css=&#8221;.vc_custom_1716366115832{margin-bottom: 0px !important;}&#8221;]<span style=\"color: #1c2b33;\"><span style=\"font-family: var(--font-family-segoe), serif;\"><span style=\"font-size: medium;\"><span lang=\"en-US\">S\u00ed, vendemos contenedores de ropa de 20 y 40 ft.<\/span><\/span><\/span><\/span>[\/vc_toggle][\/vc_column][\/vc_row][vc_row el_class=&#8221;faq&#8221;][vc_column][vc_toggle title=&#8221;\u00bfD\u00f3nde env\u00edan?&#8221; css=&#8221;.vc_custom_1716366127876{margin-bottom: 0px !important;}&#8221;]<span style=\"color: #1c2b33;\"><span style=\"font-family: var(--font-family-segoe), serif;\"><span style=\"font-size: medium;\"><span lang=\"en-US\">Enviamos a muchos pa\u00edses diferentes: por favor, ll\u00e1menos y trataremos de satisfacer sus necesidades.<\/span><\/span><\/span><\/span>[\/vc_toggle][\/vc_column][\/vc_row][vc_row el_class=&#8221;faq&#8221;][vc_column][vc_toggle title=&#8221;\u00bfCu\u00e1les son sus precios?&#8221; css=&#8221;.vc_custom_1716366139043{margin-bottom: 0px !important;}&#8221;]<span style=\"color: #1c2b33;\"><span style=\"font-family: var(--font-family-segoe), serif;\"><span style=\"font-size: medium;\"><span lang=\"en-US\">Tenemos una amplia gama de precios que se actualizan frecuentemente. Los precios var\u00edan unos pocos centavos en cada categor\u00eda. Para obtener los precios m\u00e1s actualizados, por favor llame a nuestro departamento de ventas al +1 732 802 8100.<\/span><\/span><\/span><\/span>[\/vc_toggle][\/vc_column][\/vc_row][vc_row el_class=&#8221;faq&#8221;][vc_column][vc_toggle title=&#8221;\u00bfPueden encargarse del env\u00edo y transporte terrestre?&#8221; css=&#8221;.vc_custom_1716366154610{margin-bottom: 0px !important;}&#8221;]<span style=\"color: #1c2b33;\"><span style=\"font-family: var(--font-family-segoe), serif;\"><span style=\"font-size: medium;\"><span lang=\"en-US\">S\u00ed, absolutamente! Tenemos un gran equipo que puede manejar todo el env\u00edo y transporte terrestre para usted.<\/span><\/span><\/span><\/span>[\/vc_toggle][\/vc_column][\/vc_row][vc_row el_class=&#8221;faq&#8221;][vc_column][vc_toggle title=&#8221;\u00bfRealizan inspecciones de exportador?&#8221; css=&#8221;.vc_custom_1716366166539{margin-bottom: 0px !important;}&#8221;]<span style=\"color: #1c2b33;\"><span style=\"font-family: var(--font-family-segoe), serif;\"><span style=\"font-size: medium;\"><span lang=\"en-US\">S\u00ed, lo hacemos. Actualmente estamos trabajando con dos agencias, BIVAC e INTERTEK.<\/span><\/span><\/span><\/span>[\/vc_toggle][\/vc_column][\/vc_row][\/vc_section][vc_row full_width=&#8221;stretch_row&#8221; css=&#8221;.vc_custom_1710918475192{padding-right: 0px !important;padding-left: 0px !important;}&#8221; el_class=&#8221;full-image&#8221;][vc_column width=&#8221;1\/2&#8243; css=&#8221;.vc_custom_1717760165582{padding-left: 0px !important;}&#8221; el_id=&#8221;productcataloges&#8221; el_class=&#8221;productcataloges&#8221;]\t\t<div class=\"ftc-smooth-image smooth-image ftc-smooth\">\n\t\t\t\t\t\t\t<a title=\"\" target=\"_blank\" href=\"\/es\/catalogo-de-productos\/\" >\n\t\t\t\t\t<img fetchpriority=\"high\" decoding=\"async\" width=\"945\" height=\"500\" src=\"https:\/\/aeclothing.net\/wp-content\/uploads\/2024\/03\/productCatalog-AE.png\" class=\"img\" alt=\"\" srcset=\"https:\/\/aeclothing.net\/wp-content\/uploads\/2024\/03\/productCatalog-AE.png 945w, https:\/\/aeclothing.net\/wp-content\/uploads\/2024\/03\/productCatalog-AE-300x159.png 300w, https:\/\/aeclothing.net\/wp-content\/uploads\/2024\/03\/productCatalog-AE-768x406.png 768w, https:\/\/aeclothing.net\/wp-content\/uploads\/2024\/03\/productCatalog-AE-600x317.png 600w\" sizes=\"(max-width: 945px) 100vw, 945px\" \/> \n\t\t\t\t<\/a>\n\t\t\t\t\t\t\t<\/div>\n\t\t\t[vc_column_text css=&#8221;.vc_custom_1716378631008{margin-top: 0px !important;}&#8221;]<\/p>\n<div class=\"st-content-images\">\n<h2><a href=\"https:\/\/aeclothing.net\/es\/catalogo-de-productos\/\">CAT\u00c1LOGO DE<br \/>\nPRODUCTOS<\/a><\/h2>\n<h5><a href=\"https:\/\/aeclothing.net\/es\/catalogo-de-productos\/\">REG\u00cdSTRESE PARA RECIBIR<br \/>\nCAT\u00c1LOGO GRATIS<\/a><\/h5>\n<p>&nbsp;<\/p><\/div>\n<p>[\/vc_column_text][\/vc_column][vc_column width=&#8221;1\/2&#8243; css=&#8221;.vc_custom_1717760177424{padding-right: 0px !important;}&#8221; el_id=&#8221;productaves&#8221; el_class=&#8221;productaves&#8221;]\t\t<div class=\"ftc-smooth-image smooth-image ftc-smooth\">\n\t\t\t\t\t\t\t<a title=\"\" target=\"_blank\" href=\"\/es\/disponibilidad-de-productos\/\" >\n\t\t\t\t\t<img decoding=\"async\" width=\"945\" height=\"500\" src=\"https:\/\/aeclothing.net\/wp-content\/uploads\/2024\/03\/productAvailability-AE.png\" class=\"img\" alt=\"\" srcset=\"https:\/\/aeclothing.net\/wp-content\/uploads\/2024\/03\/productAvailability-AE.png 945w, https:\/\/aeclothing.net\/wp-content\/uploads\/2024\/03\/productAvailability-AE-300x159.png 300w, https:\/\/aeclothing.net\/wp-content\/uploads\/2024\/03\/productAvailability-AE-768x406.png 768w, https:\/\/aeclothing.net\/wp-content\/uploads\/2024\/03\/productAvailability-AE-600x317.png 600w\" sizes=\"(max-width: 945px) 100vw, 945px\" \/> \n\t\t\t\t<\/a>\n\t\t\t\t\t\t\t<\/div>\n\t\t\t[vc_column_text css=&#8221;.vc_custom_1717760263035{margin-top: 0px !important;}&#8221;]<\/p>\n<div class=\"st-content-images\">\n<h2><a href=\"https:\/\/aeclothing.net\/es\/disponibilidad-de-productos\/\">DISPONIBILIDAD DE<br \/>\nPRODUCTOS<\/a><\/h2>\n<h5 class=\"get_full\"><a href=\"https:\/\/aeclothing.net\/es\/disponibilidad-de-productos\/\">OBTENGA ART\u00cdCULOS DISPONIBLES<br \/>\n&amp; LISTA DE PRECIOS<\/a><\/h5>\n<\/div>\n<p>[\/vc_column_text][\/vc_column][\/vc_row]<\/p>\n<\/div>","protected":false},"excerpt":{"rendered":"<p>[vc_section el_class=&#8221;faq-v2&#8243;][vc_row][vc_column][vc_column_text] Preguntas Frecuentes sobre Al por Mayor de Ropa de Segunda Mano [\/vc_column_text][\/vc_column][\/vc_row][vc_row el_class=&#8221;faq&#8221;][vc_column][vc_toggle title=&#8221;\u00bfCu\u00e1l es la calidad de la ropa que venden?&#8221; css=&#8221;.vc_custom_1716366087838{margin-bottom: 0px !important;}&#8221;]Nos esforzamos por ofrecer la mejor calidad de ropa en el mercado de segunda mano al por mayor. Ofrecemos una categor\u00eda Premium de ropa que es nueva o como [&hellip;]<\/p>\n","protected":false},"author":1,"featured_media":0,"parent":0,"menu_order":0,"comment_status":"closed","ping_status":"closed","template":"","meta":{"footnotes":""},"class_list":["post-12670","page","type-page","status-publish","hentry"],"acf":[],"yoast_head":"<!-- This site is optimized with the Yoast SEO plugin v22.4 - https:\/\/yoast.com\/wordpress\/plugins\/seo\/ -->\n<title>Preguntas frecuentes - A&amp;E Used Clothing<\/title>\n<meta name=\"robots\" content=\"index, follow, max-snippet:-1, max-image-preview:large, max-video-preview:-1\" \/>\n<link rel=\"canonical\" href=\"https:\/\/aeclothing.net\/es\/preguntas-frecuentes\/\" \/>\n<meta property=\"og:locale\" content=\"es_ES\" \/>\n<meta property=\"og:type\" content=\"article\" \/>\n<meta property=\"og:title\" content=\"Preguntas frecuentes - A&amp;E Used Clothing\" \/>\n<meta property=\"og:description\" content=\"[vc_section el_class=&#8221;faq-v2&#8243;][vc_row][vc_column][vc_column_text] Preguntas Frecuentes sobre Al por Mayor de Ropa de Segunda Mano [\/vc_column_text][\/vc_column][\/vc_row][vc_row el_class=&#8221;faq&#8221;][vc_column][vc_toggle title=&#8221;\u00bfCu\u00e1l es la calidad de la ropa que venden?&#8221; css=&#8221;.vc_custom_1716366087838{margin-bottom: 0px !important;}&#8221;]Nos esforzamos por ofrecer la mejor calidad de ropa en el mercado de segunda mano al por mayor. Ofrecemos una categor\u00eda Premium de ropa que es nueva o como [&hellip;]\" \/>\n<meta property=\"og:url\" content=\"https:\/\/aeclothing.net\/es\/preguntas-frecuentes\/\" \/>\n<meta property=\"og:site_name\" content=\"A&amp;E Used Clothing\" \/>\n<meta property=\"article:modified_time\" content=\"2024-06-12T07:33:27+00:00\" \/>\n<meta name=\"twitter:card\" content=\"summary_large_image\" \/>\n<meta name=\"twitter:label1\" content=\"Tiempo de lectura\" \/>\n\t<meta name=\"twitter:data1\" content=\"2 minutos\" \/>\n<script type=\"application\/ld+json\" class=\"yoast-schema-graph\">{\"@context\":\"https:\/\/schema.org\",\"@graph\":[{\"@type\":\"WebPage\",\"@id\":\"https:\/\/aeclothing.net\/es\/preguntas-frecuentes\/\",\"url\":\"https:\/\/aeclothing.net\/es\/preguntas-frecuentes\/\",\"name\":\"Preguntas frecuentes - A&amp;E Used Clothing\",\"isPartOf\":{\"@id\":\"https:\/\/aeclothing.net\/es\/#website\"},\"datePublished\":\"2019-01-14T14:24:55+00:00\",\"dateModified\":\"2024-06-12T07:33:27+00:00\",\"breadcrumb\":{\"@id\":\"https:\/\/aeclothing.net\/es\/preguntas-frecuentes\/#breadcrumb\"},\"inLanguage\":\"es\",\"potentialAction\":[{\"@type\":\"ReadAction\",\"target\":[\"https:\/\/aeclothing.net\/es\/preguntas-frecuentes\/\"]}]},{\"@type\":\"BreadcrumbList\",\"@id\":\"https:\/\/aeclothing.net\/es\/preguntas-frecuentes\/#breadcrumb\",\"itemListElement\":[{\"@type\":\"ListItem\",\"position\":1,\"name\":\"Strona g\u0142\u00f3wna\",\"item\":\"https:\/\/aeclothing.net\/es\/\"},{\"@type\":\"ListItem\",\"position\":2,\"name\":\"Preguntas frecuentes\"}]},{\"@type\":\"WebSite\",\"@id\":\"https:\/\/aeclothing.net\/es\/#website\",\"url\":\"https:\/\/aeclothing.net\/es\/\",\"name\":\"A&E Used Clothing\",\"description\":\"A&amp;E Clothing\u00a0is a for-profit company that collects American second hand clothing and other items and resells them in the U.S. and to other developing countries.\",\"potentialAction\":[{\"@type\":\"SearchAction\",\"target\":{\"@type\":\"EntryPoint\",\"urlTemplate\":\"https:\/\/aeclothing.net\/es\/?s={search_term_string}\"},\"query-input\":\"required name=search_term_string\"}],\"inLanguage\":\"es\"}]}<\/script>\n<!-- \/ Yoast SEO plugin. -->","yoast_head_json":{"title":"Preguntas frecuentes - A&amp;E Used Clothing","robots":{"index":"index","follow":"follow","max-snippet":"max-snippet:-1","max-image-preview":"max-image-preview:large","max-video-preview":"max-video-preview:-1"},"canonical":"https:\/\/aeclothing.net\/es\/preguntas-frecuentes\/","og_locale":"es_ES","og_type":"article","og_title":"Preguntas frecuentes - A&amp;E Used Clothing","og_description":"[vc_section el_class=&#8221;faq-v2&#8243;][vc_row][vc_column][vc_column_text] Preguntas Frecuentes sobre Al por Mayor de Ropa de Segunda Mano [\/vc_column_text][\/vc_column][\/vc_row][vc_row el_class=&#8221;faq&#8221;][vc_column][vc_toggle title=&#8221;\u00bfCu\u00e1l es la calidad de la ropa que venden?&#8221; css=&#8221;.vc_custom_1716366087838{margin-bottom: 0px !important;}&#8221;]Nos esforzamos por ofrecer la mejor calidad de ropa en el mercado de segunda mano al por mayor. Ofrecemos una categor\u00eda Premium de ropa que es nueva o como [&hellip;]","og_url":"https:\/\/aeclothing.net\/es\/preguntas-frecuentes\/","og_site_name":"A&amp;E Used Clothing","article_modified_time":"2024-06-12T07:33:27+00:00","twitter_card":"summary_large_image","twitter_misc":{"Tiempo de lectura":"2 minutos"},"schema":{"@context":"https:\/\/schema.org","@graph":[{"@type":"WebPage","@id":"https:\/\/aeclothing.net\/es\/preguntas-frecuentes\/","url":"https:\/\/aeclothing.net\/es\/preguntas-frecuentes\/","name":"Preguntas frecuentes - A&amp;E Used Clothing","isPartOf":{"@id":"https:\/\/aeclothing.net\/es\/#website"},"datePublished":"2019-01-14T14:24:55+00:00","dateModified":"2024-06-12T07:33:27+00:00","breadcrumb":{"@id":"https:\/\/aeclothing.net\/es\/preguntas-frecuentes\/#breadcrumb"},"inLanguage":"es","potentialAction":[{"@type":"ReadAction","target":["https:\/\/aeclothing.net\/es\/preguntas-frecuentes\/"]}]},{"@type":"BreadcrumbList","@id":"https:\/\/aeclothing.net\/es\/preguntas-frecuentes\/#breadcrumb","itemListElement":[{"@type":"ListItem","position":1,"name":"Strona g\u0142\u00f3wna","item":"https:\/\/aeclothing.net\/es\/"},{"@type":"ListItem","position":2,"name":"Preguntas frecuentes"}]},{"@type":"WebSite","@id":"https:\/\/aeclothing.net\/es\/#website","url":"https:\/\/aeclothing.net\/es\/","name":"A&E Used Clothing","description":"A&amp;E Clothing\u00a0is a for-profit company that collects American second hand clothing and other items and resells them in the U.S. and to other developing countries.","potentialAction":[{"@type":"SearchAction","target":{"@type":"EntryPoint","urlTemplate":"https:\/\/aeclothing.net\/es\/?s={search_term_string}"},"query-input":"required name=search_term_string"}],"inLanguage":"es"}]}},"_links":{"self":[{"href":"https:\/\/aeclothing.net\/es\/wp-json\/wp\/v2\/pages\/12670","targetHints":{"allow":["GET"]}}],"collection":[{"href":"https:\/\/aeclothing.net\/es\/wp-json\/wp\/v2\/pages"}],"about":[{"href":"https:\/\/aeclothing.net\/es\/wp-json\/wp\/v2\/types\/page"}],"author":[{"embeddable":true,"href":"https:\/\/aeclothing.net\/es\/wp-json\/wp\/v2\/users\/1"}],"replies":[{"embeddable":true,"href":"https:\/\/aeclothing.net\/es\/wp-json\/wp\/v2\/comments?post=12670"}],"version-history":[{"count":5,"href":"https:\/\/aeclothing.net\/es\/wp-json\/wp\/v2\/pages\/12670\/revisions"}],"predecessor-version":[{"id":13001,"href":"https:\/\/aeclothing.net\/es\/wp-json\/wp\/v2\/pages\/12670\/revisions\/13001"}],"wp:attachment":[{"href":"https:\/\/aeclothing.net\/es\/wp-json\/wp\/v2\/media?parent=12670"}],"curies":[{"name":"wp","href":"https:\/\/api.w.org\/{rel}","templated":true}]}}