{"id":12687,"date":"2024-04-03T08:03:30","date_gmt":"2024-04-03T12:03:30","guid":{"rendered":"http:\/\/aeclothing.projektyibif.pl\/productos-2\/"},"modified":"2024-06-12T03:23:56","modified_gmt":"2024-06-12T07:23:56","slug":"productos","status":"publish","type":"page","link":"https:\/\/aeclothing.net\/es\/productos\/","title":{"rendered":"Productos"},"content":{"rendered":"<div class=\"wpb-content-wrapper\"><p>[vc_row full_width=&#8221;stretch_row&#8221; css=&#8221;.vc_custom_1710918475192{padding-right: 0px !important;padding-left: 0px !important;}&#8221; el_class=&#8221;full-image&#8221;][vc_column width=&#8221;1\/2&#8243; css=&#8221;.vc_custom_1717760165582{padding-left: 0px !important;}&#8221; el_id=&#8221;productcataloges&#8221; el_class=&#8221;productcataloges&#8221;]\t\t<div class=\"ftc-smooth-image smooth-image ftc-smooth\">\n\t\t\t\t\t\t\t<a title=\"\" target=\"_blank\" href=\"\/es\/catalogo-de-productos\/\" >\n\t\t\t\t\t<img fetchpriority=\"high\" decoding=\"async\" width=\"945\" height=\"500\" src=\"https:\/\/aeclothing.net\/wp-content\/uploads\/2024\/03\/productCatalog-AE.png\" class=\"img\" alt=\"\" srcset=\"https:\/\/aeclothing.net\/wp-content\/uploads\/2024\/03\/productCatalog-AE.png 945w, https:\/\/aeclothing.net\/wp-content\/uploads\/2024\/03\/productCatalog-AE-300x159.png 300w, https:\/\/aeclothing.net\/wp-content\/uploads\/2024\/03\/productCatalog-AE-768x406.png 768w, https:\/\/aeclothing.net\/wp-content\/uploads\/2024\/03\/productCatalog-AE-600x317.png 600w\" sizes=\"(max-width: 945px) 100vw, 945px\" \/> \n\t\t\t\t<\/a>\n\t\t\t\t\t\t\t<\/div>\n\t\t\t[vc_column_text css=&#8221;.vc_custom_1716378631008{margin-top: 0px !important;}&#8221;]<\/p>\n<div class=\"st-content-images\">\n<h2><a href=\"https:\/\/aeclothing.net\/es\/catalogo-de-productos\/\">CAT\u00c1LOGO DE<br \/>\nPRODUCTOS<\/a><\/h2>\n<h5><a href=\"https:\/\/aeclothing.net\/es\/catalogo-de-productos\/\">REG\u00cdSTRESE PARA RECIBIR<br \/>\nCAT\u00c1LOGO GRATIS<\/a><\/h5>\n<p>&nbsp;<\/p><\/div>\n<p>[\/vc_column_text][\/vc_column][vc_column width=&#8221;1\/2&#8243; css=&#8221;.vc_custom_1717760177424{padding-right: 0px !important;}&#8221; el_id=&#8221;productaves&#8221; el_class=&#8221;productaves&#8221;]\t\t<div class=\"ftc-smooth-image smooth-image ftc-smooth\">\n\t\t\t\t\t\t\t<a title=\"\" target=\"_blank\" href=\"\/es\/disponibilidad-de-productos\/\" >\n\t\t\t\t\t<img decoding=\"async\" width=\"945\" height=\"500\" src=\"https:\/\/aeclothing.net\/wp-content\/uploads\/2024\/03\/productAvailability-AE.png\" class=\"img\" alt=\"\" srcset=\"https:\/\/aeclothing.net\/wp-content\/uploads\/2024\/03\/productAvailability-AE.png 945w, https:\/\/aeclothing.net\/wp-content\/uploads\/2024\/03\/productAvailability-AE-300x159.png 300w, https:\/\/aeclothing.net\/wp-content\/uploads\/2024\/03\/productAvailability-AE-768x406.png 768w, https:\/\/aeclothing.net\/wp-content\/uploads\/2024\/03\/productAvailability-AE-600x317.png 600w\" sizes=\"(max-width: 945px) 100vw, 945px\" \/> \n\t\t\t\t<\/a>\n\t\t\t\t\t\t\t<\/div>\n\t\t\t[vc_column_text css=&#8221;.vc_custom_1717760263035{margin-top: 0px !important;}&#8221;]<\/p>\n<div class=\"st-content-images\">\n<h2><a href=\"https:\/\/aeclothing.net\/es\/disponibilidad-de-productos\/\">DISPONIBILIDAD DE<br \/>\nPRODUCTOS<\/a><\/h2>\n<h5 class=\"get_full\"><a href=\"https:\/\/aeclothing.net\/es\/disponibilidad-de-productos\/\">OBTENGA ART\u00cdCULOS DISPONIBLES<br \/>\n&amp; LISTA DE PRECIOS<\/a><\/h5>\n<\/div>\n<p>[\/vc_column_text][\/vc_column][\/vc_row]<\/p>\n<\/div>","protected":false},"excerpt":{"rendered":"<p>[vc_row full_width=&#8221;stretch_row&#8221; css=&#8221;.vc_custom_1710918475192{padding-right: 0px !important;padding-left: 0px !important;}&#8221; el_class=&#8221;full-image&#8221;][vc_column width=&#8221;1\/2&#8243; css=&#8221;.vc_custom_1717760165582{padding-left: 0px !important;}&#8221; el_id=&#8221;productcataloges&#8221; el_class=&#8221;productcataloges&#8221;][vc_column_text css=&#8221;.vc_custom_1716378631008{margin-top: 0px !important;}&#8221;] CAT\u00c1LOGO DE PRODUCTOS REG\u00cdSTRESE PARA RECIBIR CAT\u00c1LOGO GRATIS &nbsp; [\/vc_column_text][\/vc_column][vc_column width=&#8221;1\/2&#8243; css=&#8221;.vc_custom_1717760177424{padding-right: 0px !important;}&#8221; el_id=&#8221;productaves&#8221; el_class=&#8221;productaves&#8221;][vc_column_text css=&#8221;.vc_custom_1717760263035{margin-top: 0px !important;}&#8221;] DISPONIBILIDAD DE PRODUCTOS OBTENGA ART\u00cdCULOS DISPONIBLES &amp; LISTA DE PRECIOS [\/vc_column_text][\/vc_column][\/vc_row]<\/p>\n","protected":false},"author":1,"featured_media":0,"parent":0,"menu_order":0,"comment_status":"closed","ping_status":"closed","template":"templates\/products.php","meta":{"footnotes":""},"class_list":["post-12687","page","type-page","status-publish","hentry"],"acf":[],"yoast_head":"<!-- This site is optimized with the Yoast SEO plugin v22.4 - https:\/\/yoast.com\/wordpress\/plugins\/seo\/ -->\n<title>Productos - A&amp;E Used Clothing<\/title>\n<meta name=\"robots\" content=\"index, follow, max-snippet:-1, max-image-preview:large, max-video-preview:-1\" \/>\n<link rel=\"canonical\" href=\"https:\/\/aeclothing.net\/es\/productos\/\" \/>\n<meta property=\"og:locale\" content=\"es_ES\" \/>\n<meta property=\"og:type\" content=\"article\" \/>\n<meta property=\"og:title\" content=\"Productos - A&amp;E Used Clothing\" \/>\n<meta property=\"og:description\" content=\"[vc_row full_width=&#8221;stretch_row&#8221; css=&#8221;.vc_custom_1710918475192{padding-right: 0px !important;padding-left: 0px !important;}&#8221; el_class=&#8221;full-image&#8221;][vc_column width=&#8221;1\/2&#8243; css=&#8221;.vc_custom_1717760165582{padding-left: 0px !important;}&#8221; el_id=&#8221;productcataloges&#8221; el_class=&#8221;productcataloges&#8221;][vc_column_text css=&#8221;.vc_custom_1716378631008{margin-top: 0px !important;}&#8221;] CAT\u00c1LOGO DE PRODUCTOS REG\u00cdSTRESE PARA RECIBIR CAT\u00c1LOGO GRATIS &nbsp; [\/vc_column_text][\/vc_column][vc_column width=&#8221;1\/2&#8243; css=&#8221;.vc_custom_1717760177424{padding-right: 0px !important;}&#8221; el_id=&#8221;productaves&#8221; el_class=&#8221;productaves&#8221;][vc_column_text css=&#8221;.vc_custom_1717760263035{margin-top: 0px !important;}&#8221;] DISPONIBILIDAD DE PRODUCTOS OBTENGA ART\u00cdCULOS DISPONIBLES &amp; LISTA DE PRECIOS [\/vc_column_text][\/vc_column][\/vc_row]\" \/>\n<meta property=\"og:url\" content=\"https:\/\/aeclothing.net\/es\/productos\/\" \/>\n<meta property=\"og:site_name\" content=\"A&amp;E Used Clothing\" \/>\n<meta property=\"article:modified_time\" content=\"2024-06-12T07:23:56+00:00\" \/>\n<meta name=\"twitter:card\" content=\"summary_large_image\" \/>\n<script type=\"application\/ld+json\" class=\"yoast-schema-graph\">{\"@context\":\"https:\/\/schema.org\",\"@graph\":[{\"@type\":\"WebPage\",\"@id\":\"https:\/\/aeclothing.net\/es\/productos\/\",\"url\":\"https:\/\/aeclothing.net\/es\/productos\/\",\"name\":\"Productos - A&amp;E Used Clothing\",\"isPartOf\":{\"@id\":\"https:\/\/aeclothing.net\/es\/#website\"},\"datePublished\":\"2024-04-03T12:03:30+00:00\",\"dateModified\":\"2024-06-12T07:23:56+00:00\",\"breadcrumb\":{\"@id\":\"https:\/\/aeclothing.net\/es\/productos\/#breadcrumb\"},\"inLanguage\":\"es\",\"potentialAction\":[{\"@type\":\"ReadAction\",\"target\":[\"https:\/\/aeclothing.net\/es\/productos\/\"]}]},{\"@type\":\"BreadcrumbList\",\"@id\":\"https:\/\/aeclothing.net\/es\/productos\/#breadcrumb\",\"itemListElement\":[{\"@type\":\"ListItem\",\"position\":1,\"name\":\"Strona g\u0142\u00f3wna\",\"item\":\"https:\/\/aeclothing.net\/es\/\"},{\"@type\":\"ListItem\",\"position\":2,\"name\":\"Productos\"}]},{\"@type\":\"WebSite\",\"@id\":\"https:\/\/aeclothing.net\/es\/#website\",\"url\":\"https:\/\/aeclothing.net\/es\/\",\"name\":\"A&E Used Clothing\",\"description\":\"A&amp;E Clothing\u00a0is a for-profit company that collects American second hand clothing and other items and resells them in the U.S. and to other developing countries.\",\"potentialAction\":[{\"@type\":\"SearchAction\",\"target\":{\"@type\":\"EntryPoint\",\"urlTemplate\":\"https:\/\/aeclothing.net\/es\/?s={search_term_string}\"},\"query-input\":\"required name=search_term_string\"}],\"inLanguage\":\"es\"}]}<\/script>\n<!-- \/ Yoast SEO plugin. -->","yoast_head_json":{"title":"Productos - A&amp;E Used Clothing","robots":{"index":"index","follow":"follow","max-snippet":"max-snippet:-1","max-image-preview":"max-image-preview:large","max-video-preview":"max-video-preview:-1"},"canonical":"https:\/\/aeclothing.net\/es\/productos\/","og_locale":"es_ES","og_type":"article","og_title":"Productos - A&amp;E Used Clothing","og_description":"[vc_row full_width=&#8221;stretch_row&#8221; css=&#8221;.vc_custom_1710918475192{padding-right: 0px !important;padding-left: 0px !important;}&#8221; el_class=&#8221;full-image&#8221;][vc_column width=&#8221;1\/2&#8243; css=&#8221;.vc_custom_1717760165582{padding-left: 0px !important;}&#8221; el_id=&#8221;productcataloges&#8221; el_class=&#8221;productcataloges&#8221;][vc_column_text css=&#8221;.vc_custom_1716378631008{margin-top: 0px !important;}&#8221;] CAT\u00c1LOGO DE PRODUCTOS REG\u00cdSTRESE PARA RECIBIR CAT\u00c1LOGO GRATIS &nbsp; [\/vc_column_text][\/vc_column][vc_column width=&#8221;1\/2&#8243; css=&#8221;.vc_custom_1717760177424{padding-right: 0px !important;}&#8221; el_id=&#8221;productaves&#8221; el_class=&#8221;productaves&#8221;][vc_column_text css=&#8221;.vc_custom_1717760263035{margin-top: 0px !important;}&#8221;] DISPONIBILIDAD DE PRODUCTOS OBTENGA ART\u00cdCULOS DISPONIBLES &amp; LISTA DE PRECIOS [\/vc_column_text][\/vc_column][\/vc_row]","og_url":"https:\/\/aeclothing.net\/es\/productos\/","og_site_name":"A&amp;E Used Clothing","article_modified_time":"2024-06-12T07:23:56+00:00","twitter_card":"summary_large_image","schema":{"@context":"https:\/\/schema.org","@graph":[{"@type":"WebPage","@id":"https:\/\/aeclothing.net\/es\/productos\/","url":"https:\/\/aeclothing.net\/es\/productos\/","name":"Productos - A&amp;E Used Clothing","isPartOf":{"@id":"https:\/\/aeclothing.net\/es\/#website"},"datePublished":"2024-04-03T12:03:30+00:00","dateModified":"2024-06-12T07:23:56+00:00","breadcrumb":{"@id":"https:\/\/aeclothing.net\/es\/productos\/#breadcrumb"},"inLanguage":"es","potentialAction":[{"@type":"ReadAction","target":["https:\/\/aeclothing.net\/es\/productos\/"]}]},{"@type":"BreadcrumbList","@id":"https:\/\/aeclothing.net\/es\/productos\/#breadcrumb","itemListElement":[{"@type":"ListItem","position":1,"name":"Strona g\u0142\u00f3wna","item":"https:\/\/aeclothing.net\/es\/"},{"@type":"ListItem","position":2,"name":"Productos"}]},{"@type":"WebSite","@id":"https:\/\/aeclothing.net\/es\/#website","url":"https:\/\/aeclothing.net\/es\/","name":"A&E Used Clothing","description":"A&amp;E Clothing\u00a0is a for-profit company that collects American second hand clothing and other items and resells them in the U.S. and to other developing countries.","potentialAction":[{"@type":"SearchAction","target":{"@type":"EntryPoint","urlTemplate":"https:\/\/aeclothing.net\/es\/?s={search_term_string}"},"query-input":"required name=search_term_string"}],"inLanguage":"es"}]}},"_links":{"self":[{"href":"https:\/\/aeclothing.net\/es\/wp-json\/wp\/v2\/pages\/12687","targetHints":{"allow":["GET"]}}],"collection":[{"href":"https:\/\/aeclothing.net\/es\/wp-json\/wp\/v2\/pages"}],"about":[{"href":"https:\/\/aeclothing.net\/es\/wp-json\/wp\/v2\/types\/page"}],"author":[{"embeddable":true,"href":"https:\/\/aeclothing.net\/es\/wp-json\/wp\/v2\/users\/1"}],"replies":[{"embeddable":true,"href":"https:\/\/aeclothing.net\/es\/wp-json\/wp\/v2\/comments?post=12687"}],"version-history":[{"count":5,"href":"https:\/\/aeclothing.net\/es\/wp-json\/wp\/v2\/pages\/12687\/revisions"}],"predecessor-version":[{"id":12997,"href":"https:\/\/aeclothing.net\/es\/wp-json\/wp\/v2\/pages\/12687\/revisions\/12997"}],"wp:attachment":[{"href":"https:\/\/aeclothing.net\/es\/wp-json\/wp\/v2\/media?parent=12687"}],"curies":[{"name":"wp","href":"https:\/\/api.w.org\/{rel}","templated":true}]}}