{"id":12694,"date":"2024-04-03T11:18:31","date_gmt":"2024-04-03T15:18:31","guid":{"rendered":"http:\/\/aeclothing.projektyibif.pl\/productos-2\/trapos-mixtos\/"},"modified":"2024-06-12T05:00:51","modified_gmt":"2024-06-12T09:00:51","slug":"mixed-rags","status":"publish","type":"page","link":"https:\/\/aeclothing.net\/es\/productos\/mixed-rags\/","title":{"rendered":"Mixed Rags"},"content":{"rendered":"<div class=\"wpb-content-wrapper\"><p>[vc_row][vc_column][vc_row_inner][vc_column_inner width=&#8221;7\/12&#8243;][vc_single_image image=&#8221;12391&#8243; img_size=&#8221;full&#8221; alignment=&#8221;center&#8221;][vc_column_text]Nuestros Mixed Rags, tambi\u00e9n llamados trapos institucionales, comprenden una mezcla de ropa y textiles de todos los grupos de edad, g\u00e9neros, telas y surtidos. Estos art\u00edculos pueden mostrar defectos visibles significativos, decoloraci\u00f3n, manchas, botones faltantes o agujeros. Trabajadores experimentados clasifican y grad\u00faan cuidadosamente el producto, generalmente empaquet\u00e1ndolos en fardos de 1250 libras.<\/p>\n<p>Esos art\u00edculos de diversos tipos, tama\u00f1os y colores pasan por una exhaustiva inspecci\u00f3n, prensado en una prensa de embalaje y envoltura en tela protectora. Los fardos suelen pesar entre 1000 y 1250 libras. Despachamos estos fardos a destinos de todo el mundo en contenedores de 20 o 40 ft.[\/vc_column_text][vc_column_text]<\/p>\n<h4><span style=\"text-decoration: underline;\"><span style=\"color: #233d67;\"><a style=\"color: #233d67; text-decoration: underline;\" href=\"\/es\/contacto\/\" target=\"_blank\" rel=\"noopener\">\u00bfInteresado en nuestros productos? P\u00f3ngase en contacto con nosotros hoy!<\/a><\/span><\/span><\/h4>\n<p>[\/vc_column_text][\/vc_column_inner][vc_column_inner width=&#8221;5\/12&#8243;][vc_column_text]<\/p>\n<div class=\"productsSingle__right\">\n<div class=\"productsSingle__text\">INFORMACI\u00d3N DEL PRODUCTO<\/div>\n<div class=\"product_info__box\">\n<div class=\"product_info__title\">Precio bajo<\/div>\n<\/div>\n<div class=\"product_info__box\">\n<div class=\"product_info__title\">Defectos como imperfecciones, agujeros, botones faltantes<\/div>\n<\/div>\n<div class=\"product_info__box\">\n<div class=\"product_info__title\">Desgaste o decoloraci\u00f3n visibles<\/div>\n<\/div>\n<div class=\"product_info__box\">\n<div class=\"product_info__title\">Empaquetado en fardos de aproximadamente 1200 libras \/ 545 kg<\/div>\n<\/div>\n<div class=\"product_info__box\">\n<div class=\"product_info__title\">Envuelto en tela protectora<\/div>\n<\/div>\n<\/div>\n<p>[\/vc_column_text][vc_column_text]<\/p>\n<div class=\"productsSingle__right\">\n<div class=\"productsSingle__text\">INFORMACI\u00d3N DE ENV\u00cdO<\/div>\n<div class=\"product_info__box\">\n<div class=\"product_info__title\">1 fardo contiene aproximadamente 1200 libras de ropa mixta<\/div>\n<\/div>\n<div class=\"product_info__box\">\n<div class=\"product_info__title\">Cada fardo es una mezcla de colores y tallas<\/div>\n<\/div>\n<div class=\"product_info__box\">\n<div class=\"product_info__title\">Env\u00edo a cualquier destino en el mundo<\/div>\n<\/div>\n<div class=\"product_info__box\">\n<div class=\"product_info__title\">Ayuda con la inspecci\u00f3n de exportadores<\/div>\n<\/div>\n<div class=\"product_info__box\">\n<div class=\"product_info__title\">Un contenedor de 40 ft. contiene alrededor de 50,000 libras de ropa<\/div>\n<\/div>\n<div class=\"product_info__box\">\n<div class=\"product_info__title\">Un contenedor de 20 ft. contiene alrededor de 23,000 libras de ropa<\/div>\n<\/div>\n<div class=\"product_info__box\">\n<div class=\"product_info__title\">Los pedidos m\u00e1s peque\u00f1os pueden ser enviados utilizando servicios de mensajer\u00eda a destinos en los Estados Unidos.<\/div>\n<\/div>\n<\/div>\n<p>[\/vc_column_text][\/vc_column_inner][\/vc_row_inner][\/vc_column][\/vc_row][vc_row][vc_column][vc_row_inner][vc_column_inner][\/vc_column_inner][\/vc_row_inner][vc_row_inner][vc_column_inner][vc_column_text]<\/p>\n<h2 style=\"text-align: center;\"><span style=\"font-size: 30px;\">Comprar por calidad<\/span><\/h2>\n<p>[\/vc_column_text][\/vc_column_inner][\/vc_row_inner][vc_row_inner][vc_column_inner width=&#8221;1\/3&#8243;][vc_single_image image=&#8221;12347&#8243; img_size=&#8221;375&#215;300&#8243; alignment=&#8221;center&#8221; onclick=&#8221;custom_link&#8221; link=&#8221;\/es\/productos\/premium-quality\/&#8221;][vc_raw_html]JTNDYSUyMGhyZWYlM0QlMjIlMkZlcyUyRnByb2R1Y3RvcyUyRnByZW1pdW0tcXVhbGl0eSUyRiUyMiUzRSUzQ2RpdiUyMGNsYXNzJTNEJTIycHJvZHVjdHNCb3hfX25hbWUlMjIlM0VQcmVtaXVtJTIwUXVhbGl0eSUzQyUyRmRpdiUzRSUwQSUzQ2RpdiUyMGNsYXNzJTNEJTIycHJvZHVjdHNCb3hfX2Rlc2MlMjIlM0VMb3MlMjBtZWpvcmVzJTIwYXJ0JUMzJUFEY3Vsb3MlMjBkZSUyMGNhbGlkYWQlMjBlbiUyMGJvbHNhcyUyMGRlJTIwNTUlMjBsYiUyMCUyODI1JTIwa2clMjkuJTNDJTJGZGl2JTNFJTNDJTJGYSUzRSUwQQ==[\/vc_raw_html][\/vc_column_inner][vc_column_inner width=&#8221;1\/3&#8243;][vc_single_image image=&#8221;12346&#8243; img_size=&#8221;375&#215;300&#8243; alignment=&#8221;center&#8221; onclick=&#8221;custom_link&#8221; link=&#8221;\/es\/productos\/grade-1\/&#8221;][vc_raw_html]JTNDYSUyMGhyZWYlM0QlMjIlMkZlcyUyRnByb2R1Y3RvcyUyRmdyYWRlLTElMkYlMjIlM0UlM0NkaXYlMjBjbGFzcyUzRCUyMnByb2R1Y3RzQm94X19uYW1lJTIyJTNFR3JhZGUlMjAxJTNDJTJGZGl2JTNFJTBBJTNDZGl2JTIwY2xhc3MlM0QlMjJwcm9kdWN0c0JveF9fZGVzYyUyMiUzRVJvcGElMjBkZSUyMGNhbGlkYWQlMjBmaW5hJTIwYSUyMHByZWNpb3MlMjBjb21wZXRpdGl2b3MlMjBlbiUyMGZhcmRvcyUyMGRlJTIwMTAwJTIwbGIlMjAlMjg0NSUyMGtnJTI5LiUzQyUyRmRpdiUzRSUzQyUyRmElM0UlMEE=[\/vc_raw_html][\/vc_column_inner][vc_column_inner width=&#8221;1\/3&#8243;][vc_single_image image=&#8221;12348&#8243; img_size=&#8221;375&#215;300&#8243; alignment=&#8221;center&#8221; onclick=&#8221;custom_link&#8221; link=&#8221;\/es\/productos\/mixed-rags\/&#8221;][vc_raw_html]JTNDYSUyMGhyZWYlM0QlMjIlMkZlcyUyRnByb2R1Y3RvcyUyRm1peGVkLXJhZ3MlMkYlMjIlM0UlM0NkaXYlMjBjbGFzcyUzRCUyMnByb2R1Y3RzQm94X19uYW1lJTIyJTNFTWl4ZWQlMjBSYWdzJTNDJTJGZGl2JTNFJTBBJTNDZGl2JTIwY2xhc3MlM0QlMjJwcm9kdWN0c0JveF9fZGVzYyUyMiUzRVJvcGElMjBkZSUyMEdyYWRlJTIwMiUyMGNvbiUyMGRlZmVjdG9zJTIwdmlzaWJsZXMlMkMlMjB2ZW5kaWRhJTIwZW4lMjBncmFuZGVzJTIwZmFyZG9zJTIwZGUlMjAxMjAwJTIwbGIlMjAlMjg1NDUlMjBrZyUyOS4lM0MlMkZkaXYlM0UlM0MlMkZhJTNFJTBB[\/vc_raw_html][\/vc_column_inner][\/vc_row_inner][\/vc_column][\/vc_row][vc_row full_width=&#8221;stretch_row&#8221; css=&#8221;.vc_custom_1710918475192{padding-right: 0px !important;padding-left: 0px !important;}&#8221; el_class=&#8221;full-image&#8221;][vc_column width=&#8221;1\/2&#8243; css=&#8221;.vc_custom_1717760165582{padding-left: 0px !important;}&#8221; el_id=&#8221;productcataloges&#8221; el_class=&#8221;productcataloges&#8221;]\t\t<div class=\"ftc-smooth-image smooth-image ftc-smooth\">\n\t\t\t\t\t\t\t<a title=\"\" target=\"_blank\" href=\"\/es\/catalogo-de-productos\/\" >\n\t\t\t\t\t<img fetchpriority=\"high\" decoding=\"async\" width=\"945\" height=\"500\" src=\"https:\/\/aeclothing.net\/wp-content\/uploads\/2024\/03\/productCatalog-AE.png\" class=\"img\" alt=\"\" srcset=\"https:\/\/aeclothing.net\/wp-content\/uploads\/2024\/03\/productCatalog-AE.png 945w, https:\/\/aeclothing.net\/wp-content\/uploads\/2024\/03\/productCatalog-AE-300x159.png 300w, https:\/\/aeclothing.net\/wp-content\/uploads\/2024\/03\/productCatalog-AE-768x406.png 768w, https:\/\/aeclothing.net\/wp-content\/uploads\/2024\/03\/productCatalog-AE-600x317.png 600w\" sizes=\"(max-width: 945px) 100vw, 945px\" \/> \n\t\t\t\t<\/a>\n\t\t\t\t\t\t\t<\/div>\n\t\t\t[vc_column_text css=&#8221;.vc_custom_1716378631008{margin-top: 0px !important;}&#8221;]<\/p>\n<div class=\"st-content-images\">\n<h2><a href=\"https:\/\/aeclothing.net\/es\/catalogo-de-productos\/\">CAT\u00c1LOGO DE<br \/>\nPRODUCTOS<\/a><\/h2>\n<h5><a href=\"https:\/\/aeclothing.net\/es\/catalogo-de-productos\/\">REG\u00cdSTRESE PARA RECIBIR<br \/>\nCAT\u00c1LOGO GRATIS<\/a><\/h5>\n<p>&nbsp;<\/p>\n<\/div>\n<p>[\/vc_column_text][\/vc_column][vc_column width=&#8221;1\/2&#8243; css=&#8221;.vc_custom_1717760177424{padding-right: 0px !important;}&#8221; el_id=&#8221;productaves&#8221; el_class=&#8221;productaves&#8221;]\t\t<div class=\"ftc-smooth-image smooth-image ftc-smooth\">\n\t\t\t\t\t\t\t<a title=\"\" target=\"_blank\" href=\"\/es\/disponibilidad-de-productos\/\" >\n\t\t\t\t\t<img decoding=\"async\" width=\"945\" height=\"500\" src=\"https:\/\/aeclothing.net\/wp-content\/uploads\/2024\/03\/productAvailability-AE.png\" class=\"img\" alt=\"\" srcset=\"https:\/\/aeclothing.net\/wp-content\/uploads\/2024\/03\/productAvailability-AE.png 945w, https:\/\/aeclothing.net\/wp-content\/uploads\/2024\/03\/productAvailability-AE-300x159.png 300w, https:\/\/aeclothing.net\/wp-content\/uploads\/2024\/03\/productAvailability-AE-768x406.png 768w, https:\/\/aeclothing.net\/wp-content\/uploads\/2024\/03\/productAvailability-AE-600x317.png 600w\" sizes=\"(max-width: 945px) 100vw, 945px\" \/> \n\t\t\t\t<\/a>\n\t\t\t\t\t\t\t<\/div>\n\t\t\t[vc_column_text css=&#8221;.vc_custom_1717760263035{margin-top: 0px !important;}&#8221;]<\/p>\n<div class=\"st-content-images\">\n<h2><a href=\"https:\/\/aeclothing.net\/es\/disponibilidad-de-productos\/\">DISPONIBILIDAD DE<br \/>\nPRODUCTOS<\/a><\/h2>\n<h5 class=\"get_full\"><a href=\"https:\/\/aeclothing.net\/es\/disponibilidad-de-productos\/\">OBTENGA ART\u00cdCULOS DISPONIBLES<br \/>\n&amp; LISTA DE PRECIOS<\/a><\/h5>\n<\/div>\n<p>[\/vc_column_text][\/vc_column][\/vc_row]<\/p>\n<\/div>","protected":false},"excerpt":{"rendered":"<p>[vc_row][vc_column][vc_row_inner][vc_column_inner width=&#8221;7\/12&#8243;][vc_single_image image=&#8221;12391&#8243; img_size=&#8221;full&#8221; alignment=&#8221;center&#8221;][vc_column_text]Nuestros Mixed Rags, tambi\u00e9n llamados trapos institucionales, comprenden una mezcla de ropa y textiles de todos los grupos de edad, g\u00e9neros, telas y surtidos. Estos art\u00edculos pueden mostrar defectos visibles significativos, decoloraci\u00f3n, manchas, botones faltantes o agujeros. Trabajadores experimentados clasifican y grad\u00faan cuidadosamente el producto, generalmente empaquet\u00e1ndolos en fardos de 1250 [&hellip;]<\/p>\n","protected":false},"author":1,"featured_media":0,"parent":12687,"menu_order":0,"comment_status":"closed","ping_status":"closed","template":"templates\/productsSingle.php","meta":{"footnotes":""},"class_list":["post-12694","page","type-page","status-publish","hentry"],"acf":[],"yoast_head":"<!-- This site is optimized with the Yoast SEO plugin v22.4 - https:\/\/yoast.com\/wordpress\/plugins\/seo\/ -->\n<title>Mixed Rags - A&amp;E Used Clothing<\/title>\n<meta name=\"robots\" content=\"index, follow, max-snippet:-1, max-image-preview:large, max-video-preview:-1\" \/>\n<link rel=\"canonical\" href=\"https:\/\/aeclothing.net\/es\/productos\/mixed-rags\/\" \/>\n<meta property=\"og:locale\" content=\"es_ES\" \/>\n<meta property=\"og:type\" content=\"article\" \/>\n<meta property=\"og:title\" content=\"Mixed Rags - A&amp;E Used Clothing\" \/>\n<meta property=\"og:description\" content=\"[vc_row][vc_column][vc_row_inner][vc_column_inner width=&#8221;7\/12&#8243;][vc_single_image image=&#8221;12391&#8243; img_size=&#8221;full&#8221; alignment=&#8221;center&#8221;][vc_column_text]Nuestros Mixed Rags, tambi\u00e9n llamados trapos institucionales, comprenden una mezcla de ropa y textiles de todos los grupos de edad, g\u00e9neros, telas y surtidos. Estos art\u00edculos pueden mostrar defectos visibles significativos, decoloraci\u00f3n, manchas, botones faltantes o agujeros. Trabajadores experimentados clasifican y grad\u00faan cuidadosamente el producto, generalmente empaquet\u00e1ndolos en fardos de 1250 [&hellip;]\" \/>\n<meta property=\"og:url\" content=\"https:\/\/aeclothing.net\/es\/productos\/mixed-rags\/\" \/>\n<meta property=\"og:site_name\" content=\"A&amp;E Used Clothing\" \/>\n<meta property=\"article:modified_time\" content=\"2024-06-12T09:00:51+00:00\" \/>\n<meta name=\"twitter:card\" content=\"summary_large_image\" \/>\n<meta name=\"twitter:label1\" content=\"Tiempo de lectura\" \/>\n\t<meta name=\"twitter:data1\" content=\"3 minutos\" \/>\n<script type=\"application\/ld+json\" class=\"yoast-schema-graph\">{\"@context\":\"https:\/\/schema.org\",\"@graph\":[{\"@type\":\"WebPage\",\"@id\":\"https:\/\/aeclothing.net\/es\/productos\/mixed-rags\/\",\"url\":\"https:\/\/aeclothing.net\/es\/productos\/mixed-rags\/\",\"name\":\"Mixed Rags - A&amp;E Used Clothing\",\"isPartOf\":{\"@id\":\"https:\/\/aeclothing.net\/es\/#website\"},\"datePublished\":\"2024-04-03T15:18:31+00:00\",\"dateModified\":\"2024-06-12T09:00:51+00:00\",\"breadcrumb\":{\"@id\":\"https:\/\/aeclothing.net\/es\/productos\/mixed-rags\/#breadcrumb\"},\"inLanguage\":\"es\",\"potentialAction\":[{\"@type\":\"ReadAction\",\"target\":[\"https:\/\/aeclothing.net\/es\/productos\/mixed-rags\/\"]}]},{\"@type\":\"BreadcrumbList\",\"@id\":\"https:\/\/aeclothing.net\/es\/productos\/mixed-rags\/#breadcrumb\",\"itemListElement\":[{\"@type\":\"ListItem\",\"position\":1,\"name\":\"Strona g\u0142\u00f3wna\",\"item\":\"https:\/\/aeclothing.net\/es\/\"},{\"@type\":\"ListItem\",\"position\":2,\"name\":\"Productos\",\"item\":\"https:\/\/aeclothing.net\/es\/products\/\"},{\"@type\":\"ListItem\",\"position\":3,\"name\":\"Mixed Rags\"}]},{\"@type\":\"WebSite\",\"@id\":\"https:\/\/aeclothing.net\/es\/#website\",\"url\":\"https:\/\/aeclothing.net\/es\/\",\"name\":\"A&E Used Clothing\",\"description\":\"A&amp;E Clothing\u00a0is a for-profit company that collects American second hand clothing and other items and resells them in the U.S. and to other developing countries.\",\"potentialAction\":[{\"@type\":\"SearchAction\",\"target\":{\"@type\":\"EntryPoint\",\"urlTemplate\":\"https:\/\/aeclothing.net\/es\/?s={search_term_string}\"},\"query-input\":\"required name=search_term_string\"}],\"inLanguage\":\"es\"}]}<\/script>\n<!-- \/ Yoast SEO plugin. -->","yoast_head_json":{"title":"Mixed Rags - A&amp;E Used Clothing","robots":{"index":"index","follow":"follow","max-snippet":"max-snippet:-1","max-image-preview":"max-image-preview:large","max-video-preview":"max-video-preview:-1"},"canonical":"https:\/\/aeclothing.net\/es\/productos\/mixed-rags\/","og_locale":"es_ES","og_type":"article","og_title":"Mixed Rags - A&amp;E Used Clothing","og_description":"[vc_row][vc_column][vc_row_inner][vc_column_inner width=&#8221;7\/12&#8243;][vc_single_image image=&#8221;12391&#8243; img_size=&#8221;full&#8221; alignment=&#8221;center&#8221;][vc_column_text]Nuestros Mixed Rags, tambi\u00e9n llamados trapos institucionales, comprenden una mezcla de ropa y textiles de todos los grupos de edad, g\u00e9neros, telas y surtidos. Estos art\u00edculos pueden mostrar defectos visibles significativos, decoloraci\u00f3n, manchas, botones faltantes o agujeros. Trabajadores experimentados clasifican y grad\u00faan cuidadosamente el producto, generalmente empaquet\u00e1ndolos en fardos de 1250 [&hellip;]","og_url":"https:\/\/aeclothing.net\/es\/productos\/mixed-rags\/","og_site_name":"A&amp;E Used Clothing","article_modified_time":"2024-06-12T09:00:51+00:00","twitter_card":"summary_large_image","twitter_misc":{"Tiempo de lectura":"3 minutos"},"schema":{"@context":"https:\/\/schema.org","@graph":[{"@type":"WebPage","@id":"https:\/\/aeclothing.net\/es\/productos\/mixed-rags\/","url":"https:\/\/aeclothing.net\/es\/productos\/mixed-rags\/","name":"Mixed Rags - A&amp;E Used Clothing","isPartOf":{"@id":"https:\/\/aeclothing.net\/es\/#website"},"datePublished":"2024-04-03T15:18:31+00:00","dateModified":"2024-06-12T09:00:51+00:00","breadcrumb":{"@id":"https:\/\/aeclothing.net\/es\/productos\/mixed-rags\/#breadcrumb"},"inLanguage":"es","potentialAction":[{"@type":"ReadAction","target":["https:\/\/aeclothing.net\/es\/productos\/mixed-rags\/"]}]},{"@type":"BreadcrumbList","@id":"https:\/\/aeclothing.net\/es\/productos\/mixed-rags\/#breadcrumb","itemListElement":[{"@type":"ListItem","position":1,"name":"Strona g\u0142\u00f3wna","item":"https:\/\/aeclothing.net\/es\/"},{"@type":"ListItem","position":2,"name":"Productos","item":"https:\/\/aeclothing.net\/es\/products\/"},{"@type":"ListItem","position":3,"name":"Mixed Rags"}]},{"@type":"WebSite","@id":"https:\/\/aeclothing.net\/es\/#website","url":"https:\/\/aeclothing.net\/es\/","name":"A&E Used Clothing","description":"A&amp;E Clothing\u00a0is a for-profit company that collects American second hand clothing and other items and resells them in the U.S. and to other developing countries.","potentialAction":[{"@type":"SearchAction","target":{"@type":"EntryPoint","urlTemplate":"https:\/\/aeclothing.net\/es\/?s={search_term_string}"},"query-input":"required name=search_term_string"}],"inLanguage":"es"}]}},"_links":{"self":[{"href":"https:\/\/aeclothing.net\/es\/wp-json\/wp\/v2\/pages\/12694","targetHints":{"allow":["GET"]}}],"collection":[{"href":"https:\/\/aeclothing.net\/es\/wp-json\/wp\/v2\/pages"}],"about":[{"href":"https:\/\/aeclothing.net\/es\/wp-json\/wp\/v2\/types\/page"}],"author":[{"embeddable":true,"href":"https:\/\/aeclothing.net\/es\/wp-json\/wp\/v2\/users\/1"}],"replies":[{"embeddable":true,"href":"https:\/\/aeclothing.net\/es\/wp-json\/wp\/v2\/comments?post=12694"}],"version-history":[{"count":7,"href":"https:\/\/aeclothing.net\/es\/wp-json\/wp\/v2\/pages\/12694\/revisions"}],"predecessor-version":[{"id":13016,"href":"https:\/\/aeclothing.net\/es\/wp-json\/wp\/v2\/pages\/12694\/revisions\/13016"}],"up":[{"embeddable":true,"href":"https:\/\/aeclothing.net\/es\/wp-json\/wp\/v2\/pages\/12687"}],"wp:attachment":[{"href":"https:\/\/aeclothing.net\/es\/wp-json\/wp\/v2\/media?parent=12694"}],"curies":[{"name":"wp","href":"https:\/\/api.w.org\/{rel}","templated":true}]}}